{"id":434,"date":"2020-04-17T11:50:14","date_gmt":"2020-04-17T17:50:14","guid":{"rendered":"http:\/\/www.lvmg.mx\/?page_id=434"},"modified":"2020-04-17T12:11:38","modified_gmt":"2020-04-17T18:11:38","slug":"aviso-de-privacidad","status":"publish","type":"page","link":"https:\/\/www.lvmg.mx\/es\/aviso-de-privacidad\/","title":{"rendered":"Aviso de Privacidad"},"content":{"rendered":"<p>[vc_row css=\u00bb.vc_custom_1587146649853{margin: 0px !important;padding: 0px !important;}\u00bb][vc_column css=\u00bb.vc_custom_1587146506462{margin-right: 10% !important;margin-left: 10% !important;}\u00bb][vc_custom_heading source=\u00bbpost_title\u00bb font_container=\u00bbtag:h1|text_align:left\u00bb][vc_column_text]Su privacidad y confianza son muy importantes para Lazo, Villa, Moel y Garc\u00eda S.C. (En lo sucesivo \u201cLVMG\u201d), por ello, queremos asegurarnos de que conozca como salvaguardamos la integridad, privacidad y protecci\u00f3n de sus datos personales, en apego a la Ley Federal de Protecci\u00f3n de Datos Personales en Posesi\u00f3n de los Particulares publicada en el Diario Oficial de la Federaci\u00f3n el d\u00eda 05 de julio de 2010 y a su respectivo Reglamento publicado en el Diario Oficial de la Federaci\u00f3n el d\u00eda 21 de Diciembre de 2011.<br \/>\n\u201cLVMG\u201d tiene la obligaci\u00f3n de cumplir con las medidas administrativas, legales y de seguridad suficientes para proteger aquellos datos personales que haya recabado para las finalidades que ser\u00e1n descritas en la presente pol\u00edtica de privacidad.<br \/>\n\u201cLVMG\u201d se compromete a velar para que se cumplan todos los principios legales de protecci\u00f3n de datos personales y manifestamos nuestro compromiso para que se respete en todo momento, por nosotros y por nuestros empleados, la presente pol\u00edtica de privacidad.<br \/>\nTodo lo anterior se realiza con el objetivo de que usted tenga pleno control y decisi\u00f3n sobre sus datos personales, a fin de garantizar el derecho de autodeterminaci\u00f3n informativa. Por ello, le recomendamos que lea atentamente la siguiente informaci\u00f3n:<\/p>\n<p>1. Datos del Responsable:<br \/>\n\u201cLVMG\u201d, con domicilio en Avenida Toltecas #3134, Guadalajara, Jalisco, C.P. 44670, con tel\u00e9fono 521 33 3641 3761, y correo electr\u00f3nico info@lvmg.mx, es responsable del tratamiento de los datos personales que nos proporcione de conformidad con lo dispuesto por el presente Aviso de Privacidad.<\/p>\n<p>2. Datos Personales:<br \/>\n\u201cLVMG\u201d recabar\u00e1 de usted los datos personales que sean necesarios para la adecuada prestaci\u00f3n de servicios los cuales incluyen los siguientes:<br \/>\nDe los Usuarios de los Servicios datos de identificaci\u00f3n: (i) nombre(s), apellido paterno y apellido materno o, en su caso, raz\u00f3n o denominaci\u00f3n social; (ii) domicilio; (iii) n\u00famero telef\u00f3nico fijo o celular; (iv) correo electr\u00f3nico, (v) cuentas de redes sociales, (vi) RFC, (vii) CURP, (viii) copia de identificaci\u00f3n oficial y (ix) documento que acredite la representaci\u00f3n legal de la persona jur\u00eddica.<br \/>\nUsted se compromete que los datos que proporcione a \u201cLVMG\u201d sean ver\u00eddicos, completos y exactos. Cualquier dato falso, incompleto o inexacto ser\u00e1 de su exclusiva responsabilidad.<\/p>\n<p>3. Finalidad del tratamiento de datos:<br \/>\nLos datos personales que nos ha proporcionado ser\u00e1n utilizados para los fines propios de la Sociedad Civil y de las actividades relativas al desarrollo de dichos fines como lo son:<br \/>\nDe los Usuarios de los Servicios: De los clientes o usuarios de los servicios ofrecidos a trav\u00e9s de las plataformas de \u201cLVMG\u201d usaremos los datos que nos proporcione para poder ofrecer y prestar nuestros servicios jur\u00eddicos, consistentes de forma enunciativa mas no limitativa, en: litigio civil, mercantil, penal, administrativo, fiscal, familiar y laboral, as\u00ed como asesor\u00eda jur\u00eddica en temas de constituci\u00f3n de sociedades civiles y mercantiles, asociaciones civiles, preparaci\u00f3n y redacci\u00f3n de contratos, gesti\u00f3n administrativa, inscripci\u00f3n de actos jur\u00eddicos, registros de derechos en materia de propiedad intelectual, por mencionar algunos.<\/p>\n<p>4. Transferencia de datos:<br \/>\n\u201cLVMG\u201d no transferir\u00e1 sus datos personales a terceros, a menos de que ocurra alguno de los siguientes supuestos:<br \/>\nI) Cuando la transferencia est\u00e9 prevista en una Ley o Tratado en los que M\u00e9xico sea parte;<br \/>\nII) Cuando la transferencia sea necesaria para la prevenci\u00f3n o el diagn\u00f3stico m\u00e9dico, la prestaci\u00f3n de asistencia sanitaria, tratamiento m\u00e9dico o la gesti\u00f3n de servicios sanitarios;<br \/>\nIII) Cuando la transferencia sea efectuada a sociedades controladoras, subsidiarias o afiliadas bajo el control com\u00fan del responsable, o a una sociedad matriz o a cualquier sociedad del mismo grupo del responsable que opere bajo los mismos procesos y pol\u00edticas internas;<br \/>\nIV) Cuando la transferencia sea necesaria por virtud de un contrato celebrado o por celebrar en inter\u00e9s del titular, por el responsable y un tercero;<br \/>\nV) Cuando la transferencia sea necesaria o legalmente exigida para la salvaguarda de un inter\u00e9s p\u00fablico, o para la procuraci\u00f3n o administraci\u00f3n de justicia;<br \/>\nVI) Cuando la transferencia sea precisa para el reconocimiento, ejercicio o defensa de un derecho en un proceso judicial, y<br \/>\nVII) Cuando la transferencia sea precisa para el mantenimiento o cumplimiento de una relaci\u00f3n jur\u00eddica entre el responsable y el titular.<\/p>\n<p>5. Revocaci\u00f3n del Consentimiento:<br \/>\nEn todo momento usted podr\u00e1 revocar el consentimiento que nos ha otorgado para el tratamiento de sus datos personales, a fin de que dejemos de hacer uso de los mismos, siempre y cuando se encuentre previsto en los supuestos de la Ley Federal de Protecci\u00f3n de Datos Personales en Posesi\u00f3n de los Particulares.<br \/>\nPara ello es necesario que presente su petici\u00f3n f\u00edsicamente en la oficina de privacidad de \u201cLVMG\u201d o en medios electr\u00f3nicos a trav\u00e9s de correo electr\u00f3nico a la siguiente direcci\u00f3n: info@lvmg.mx<br \/>\nSu petici\u00f3n deber\u00e1 ir acompa\u00f1ada de su identificaci\u00f3n y deber\u00e1 se\u00f1alar con claridad los datos personales respecto de los cuales desea sea revocado el consentimiento de tratamiento.<br \/>\nTendremos un plazo m\u00e1ximo de 20 d\u00edas para atender su petici\u00f3n y le informaremos sobre la procedencia de la misma a trav\u00e9s de correo electr\u00f3nico.<\/p>\n<p>6. Medios para Ejercer los Derechos Arco:<br \/>\nConforme a la Ley Federal de Protecci\u00f3n de Datos Personales en Posesi\u00f3n de Particulares, el titular por s\u00ed o mediante representante legal debidamente acreditado, podr\u00e1 ejercer sus derechos de acceso, rectificaci\u00f3n, cancelaci\u00f3n u oposici\u00f3n directamente ante el Responsable del Tratamiento \u201cLVMG\u201d en el correo info@lvmg.mx<br \/>\nEn caso de elegir el correo postal, lo deber\u00e1 de hacer al siguiente domicilio: Avenida Toltecas #3134, Fraccionamiento Monraz, Guadalajara, Jalisco, C.P. 44670.<br \/>\nI) Acceso.- Usted podr\u00e1 solicitar en todo momento conocer qu\u00e9 datos suyos han sido recabados y conserva el responsable.<br \/>\nII) Rectificaci\u00f3n.- En caso de que alguno de sus datos sea inexacto o incompleto podr\u00e1 solicitar su correcci\u00f3n, debiendo adjuntar la documentaci\u00f3n que acredite dicha modificaci\u00f3n.<br \/>\nIII) Cancelaci\u00f3n.- Podr\u00e1 solicitarse en todo momento la cancelaci\u00f3n de los datos; en caso de ser procedente la solicitud, los datos entrar\u00e1n al per\u00edodo de bloqueo en el cual no podr\u00e1n ser tratados de ninguna manera para su posterior supresi\u00f3n.<br \/>\n\u201cLVMG\u201d podr\u00e1 conservarlos exclusivamente para efectos de las responsabilidades nacidas del tratamiento. El periodo de bloqueo ser\u00e1 equivalente al plazo de prescripci\u00f3n de las acciones derivadas de la relaci\u00f3n jur\u00eddica que funda el tratamiento en los t\u00e9rminos de la Ley aplicable en la materia.<br \/>\nUna vez cancelado el dato se dar\u00e1 aviso a su titular.<br \/>\nIV) Oposici\u00f3n.- En todo momento el titular podr\u00e1 negarse por causa justificada al tratamiento de sus datos personales.<br \/>\nLa solicitud para ejercer los Derechos Arco deber\u00e1 contener y estar acompa\u00f1ada de lo siguiente: (i) el nombre, raz\u00f3n o denominaci\u00f3n del titular, su domicilio y\/o correo electr\u00f3nico y cualquier otro medio para comunicarle la respuesta a su solicitud; (ii) los documentos oficiales que acrediten la identidad, o en su caso, la representaci\u00f3n legal del titular; (iii) la descripci\u00f3n clara y precisa de los datos respecto de los que se busca ejercer alguno de los derechos antes mencionados; y (iv) cualquier otro elemento o documento que facilite la localizaci\u00f3n de los datos.<br \/>\nRecibido el escrito porque se nos indique que har\u00e1 uso de sus Derecho Arco, tendremos 15 d\u00edas h\u00e1biles para analizar, atender y enviarle la respuesta correspondiente. El medio por el cual le enviaremos nuestra conclusi\u00f3n, ser\u00e1 aquel que nos sea indicado por Usted en su solicitud o, en su defecto, por el mismo medio por el cual no hizo llegar su escrito.<br \/>\n\u201cLVMG\u201d podr\u00e1 negarle al titular el acceso a sus datos personales, o a realizar la rectificaci\u00f3n, cancelaci\u00f3n o conceder la oposici\u00f3n al tratamiento de los mismos, en los siguientes casos:<br \/>\na) Si es el solicitante, pero no el titular de los datos personales, o su representante legal no est\u00e9 debidamente acreditado para ello.<br \/>\nb) Cuando en nuestra base de datos, no se encuentren sus datos personales.<br \/>\nc) Cuando se lesionen los derechos de un tercero.<br \/>\nd) Cuando exista un impedimento legal, o la resoluci\u00f3n de una autoridad competente, que restrinja el acceso a sus datos personales, o no permita la rectificaci\u00f3n, cancelaci\u00f3n u oposici\u00f3n de los mismos.<br \/>\ne) Cuando la rectificaci\u00f3n, cancelaci\u00f3n u oposici\u00f3n haya sido previamente realizada.<br \/>\nEn todos los casos anteriores, se le informar\u00e1 a usted o en su caso, a su representante legal, el motivo de nuestra decisi\u00f3n y se la comunicaremos, en los plazos establecidos para tal efecto, por el mismo medio por el que se llev\u00f3 a cabo la solicitud, acompa\u00f1ando, en su caso, las pruebas que resulten pertinentes.<\/p>\n<p>7. Atenci\u00f3n al P\u00fablico:<br \/>\nCualquier cuesti\u00f3n relacionada con la presente Pol\u00edtica de Privacidad ser\u00e1 atendida en la Oficina de Privacidad de la Sociedad Civil.<\/p>\n<p>8. De los Medios Remotos:<br \/>\nUsted entiende y acepta que: (i) nuestro Sitio Web puede incluir enlaces a sitios web de terceros que, en caso de acceder, ocasionar\u00e1 que abandone nuestro sitio web, por lo cual no asumiremos ninguna responsabilidad en relaci\u00f3n con los sitios web de terceros; (ii) Nuestro Sitio Web puede incluir enlaces a sitios que administran redes sociales, en cuyo caso Usted acepta que al proporcionar cualquier tipo de informaci\u00f3n, incluso sus datos en dichos sitios, ocasionar\u00e1 que la misma pueda ser le\u00edda, vista, accedida, retrasmitida y tratada por cualquier persona, liber\u00e1ndonos de cualquier responsabilidad; (iii) Es posible que nuestros sistemas recopilen datos adicionales a los que Usted proporcione, como lo son el tipo de navegador, el sistema operativo, las p\u00e1ginas de internet visitadas, la direcci\u00f3n IP, etc., a trav\u00e9s de \u201ccookies\u201d o \u201cweb beacons\u201d, entre otros. Para poder deshabilitar estos sistemas, deber\u00e1 acceder a \u201cOpciones de Internet\u201d en la barra de \u201cherramientas\u201d del navegador que utilice.<\/p>\n<p>9. De los Mecanismos de Comunicaci\u00f3n:<br \/>\nCualquier comunicaci\u00f3n que desee dirigirse con motivo del presente Aviso de Privacidad o para limitar el uso y divulgaci\u00f3n de sus Datos, diferentes a los proporcionados para el ejercicio de los Derecho Arco, mencionado de manera clara y precisa: (i) el nombre, raz\u00f3n o denomiaci\u00f3n del titular, su domicilio y\/o correo electr\u00f3nico; (ii) los documentos oficiales que acrediten la identidad, o en su caso, la representaci\u00f3n legal del titular; y (iii) el objeto de su comunicaci\u00f3n.<\/p>\n<p>10. De las Modificaciones al Aviso de Privacidad:<br \/>\nEl presente Aviso de Privacidad podr\u00e1 ser modificado por \u201cLVMG\u201d tantas veces se considere necesario, tanto para guardar congruencia con los ordenamientos legales aplicables, a petici\u00f3n de las autoridades competentes u a nuestra propia conveniencia. En caso de que exista alg\u00fan cambio a este Aviso de Privacidad, \u201cLVMG\u201d lo comunicar\u00e1 de la siguiente manera: (i) envi\u00e1ndole un correo electr\u00f3nico a la cuenta que ha registrado en cualquiera de el Sitio Web, o proporcionado en otros medios presenciales o electr\u00f3nicos de recolecci\u00f3n de datos y\/o (ii) publicando una nota visible en el Sitio Web. \u201cLVMG\u201d no ser\u00e1 responsable si usted no recibe la notificaci\u00f3n de cambio en el aviso de privacidad si existiere alg\u00fan problema con su cuenta de correo electr\u00f3nico o de transmisi\u00f3n de datos por internet. Por su seguridad, revise en todo momento que as\u00ed lo desee el contenido de este Aviso de Privacidad en nuestro Sitio Web www.lvmg.mx<\/p>\n<p>11. Controversias:<br \/>\nEn caso de que se presente una controversia que se derive del presente Aviso de Privacidad, las partes intentar\u00e1n primero resolverla a trav\u00e9s de negociaciones de buena fe, pudiendo ser asistidos por un mediador profesional. Si despu\u00e9s de un m\u00e1ximo de 30 d\u00edas h\u00e1biles de negociaci\u00f3n las partes no llegaren a un acuerdo, se estar\u00e1 a lo dispuesto por la Ley Federal de Protecci\u00f3n de Datos Personales en Posesi\u00f3n de Particulares, aceptando las partes la intervenci\u00f3n que pudiere tener el Instituto Federal de Acceso a la Informaci\u00f3n y Protecci\u00f3n de Datos Personales.<br \/>\nAl aceptar este Aviso de Privacidad, usted est\u00e1 de acuerdo en sujetarse a la jurisdicci\u00f3n y competencia de las leyes y tribunales aplicables del Primer Partido Judicial del Estado de Jalisco con sede en la zona metropolitana de la ciudad de Guadalajara, renunciando a partir de este momento a cualquier otra jurisdicci\u00f3n que en raz\u00f3n de su domicilio presente o futuro o por cualquier otra causa les pudiera corresponder.[\/vc_column_text][\/vc_column][\/vc_row]<\/p>\n","protected":false},"excerpt":{"rendered":"<p>[vc_row css=\u00bb.vc_custom_1587146649853{margin: 0px !important;padding: 0px !important;}\u00bb][vc_column css=\u00bb.vc_custom_1587146506462{margin-right: 10% !important;margin-left: 10% !important;}\u00bb][vc_custom_heading source=\u00bbpost_title\u00bb font_container=\u00bbtag:h1|text_align:left\u00bb][vc_column_text]Su privacidad y confianza son muy importantes para Lazo, Villa, Moel y Garc\u00eda S.C. (En lo sucesivo \u201cLVMG\u201d), por ello, queremos asegurarnos de que conozca como salvaguardamos la integridad, privacidad y protecci\u00f3n de sus datos personales, en apego a la Ley Federal de &hellip; <a href=\"https:\/\/www.lvmg.mx\/es\/aviso-de-privacidad\/\" class=\"more-link\">Continue reading <span class=\"screen-reader-text\">Aviso de Privacidad<\/span> <span class=\"meta-nav\">&rarr;<\/span><\/a><\/p>\n","protected":false},"author":2,"featured_media":0,"parent":0,"menu_order":0,"comment_status":"closed","ping_status":"closed","template":"","meta":{"footnotes":""},"class_list":["post-434","page","type-page","status-publish","hentry"],"_links":{"self":[{"href":"https:\/\/www.lvmg.mx\/es\/wp-json\/wp\/v2\/pages\/434","targetHints":{"allow":["GET"]}}],"collection":[{"href":"https:\/\/www.lvmg.mx\/es\/wp-json\/wp\/v2\/pages"}],"about":[{"href":"https:\/\/www.lvmg.mx\/es\/wp-json\/wp\/v2\/types\/page"}],"author":[{"embeddable":true,"href":"https:\/\/www.lvmg.mx\/es\/wp-json\/wp\/v2\/users\/2"}],"replies":[{"embeddable":true,"href":"https:\/\/www.lvmg.mx\/es\/wp-json\/wp\/v2\/comments?post=434"}],"version-history":[{"count":7,"href":"https:\/\/www.lvmg.mx\/es\/wp-json\/wp\/v2\/pages\/434\/revisions"}],"predecessor-version":[{"id":441,"href":"https:\/\/www.lvmg.mx\/es\/wp-json\/wp\/v2\/pages\/434\/revisions\/441"}],"wp:attachment":[{"href":"https:\/\/www.lvmg.mx\/es\/wp-json\/wp\/v2\/media?parent=434"}],"curies":[{"name":"wp","href":"https:\/\/api.w.org\/{rel}","templated":true}]}}