{"id":226,"date":"2019-12-17T07:27:27","date_gmt":"2019-12-17T07:27:27","guid":{"rendered":"http:\/\/www.lvmg.mx\/\/?page_id=226"},"modified":"2020-12-16T17:38:50","modified_gmt":"2020-12-16T23:38:50","slug":"luis-jorge-garcia-padilla","status":"publish","type":"page","link":"https:\/\/www.lvmg.mx\/es\/luis-jorge-garcia-padilla\/","title":{"rendered":"Luis Jorge Garcia Padilla"},"content":{"rendered":"<p>[vc_row content_placement=\u00bbmiddle\u00bb css=\u00bb.vc_custom_1576561060196{margin-top: 40px !important;margin-bottom: 0px !important;padding-bottom: 0px !important;}\u00bb][vc_column width=\u00bb1\/12&#8243;][\/vc_column][vc_column width=\u00bb10\/12&#8243;][vc_icon icon_fontawesome=\u00bbfas fa-arrow-left\u00bb color=\u00bbblack\u00bb size=\u00bbsm\u00bb link=\u00bburl:http%3A%2F%2Fwww.lvmg.mx%2Fen%2F%23abogados|||\u00bb][\/vc_column][vc_column width=\u00bb1\/12&#8243;][\/vc_column][\/vc_row][vc_row equal_height=\u00bbyes\u00bb el_class=\u00bbposicion-relativa abogado-titulo\u00bb][vc_column width=\u00bb1\/12&#8243;][\/vc_column][vc_column width=\u00bb4\/12&#8243; css=\u00bb.vc_custom_1576557392555{padding-right: 0px !important;padding-left: 0px !important;}\u00bb][\/vc_column][vc_column width=\u00bb7\/12&#8243;][vc_custom_heading text=\u00bbLuis Jorge Garcia Padilla\u00bb font_container=\u00bbtag:h2|font_size:2em|text_align:left|color:%23ffffff|line_height:1em\u00bb use_theme_fonts=\u00bbyes\u00bb css=\u00bb.vc_custom_1576567557627{margin-bottom: 0px !important;padding-bottom: 0px !important;}\u00bb el_class=\u00bbcolor-white font-weight mayusculas\u00bb][\/vc_column][\/vc_row][vc_row equal_height=\u00bbyes\u00bb][vc_column width=\u00bb1\/12&#8243;][\/vc_column][vc_column width=\u00bb4\/12&#8243; css=\u00bb.vc_custom_1576558343121{padding-right: 0px !important;padding-left: 0px !important;}\u00bb el_class=\u00bbposicion-relativa columna-foto-abogado\u00bb][vc_single_image image=\u00bb223&#8243; img_size=\u00bblarge\u00bb alignment=\u00bbright\u00bb el_class=\u00bbfoto-abogado\u00bb css=\u00bb.vc_custom_1576567643417{margin-top: 20px !important;margin-bottom: 20px !important;}\u00bb][\/vc_column][vc_column width=\u00bb7\/12&#8243; css=\u00bb.vc_custom_1576566262761{padding-top: 50px !important;background-color: #2b2420 !important;}\u00bb el_id=\u00bbdescripcion-abogado\u00bb][vc_custom_heading text=\u00bbCIVIL AND COMMERCIAL LAW AREA PARTNER\u00bb font_container=\u00bbtag:div|font_size:1em|text_align:left|color:%23b3964e|line_height:1.2em\u00bb use_theme_fonts=\u00bbyes\u00bb css=\u00bb.vc_custom_1608161915320{margin-top: 0px !important;margin-bottom: 0px !important;padding-top: 0px !important;padding-bottom: 0px !important;padding-left: 55px !important;}\u00bb][vc_custom_heading text=\u00bbljgarcia@lvmg.mx\u00bb font_container=\u00bbtag:div|font_size:0.85em|text_align:left|color:%23ffffff|line_height:1.2em\u00bb use_theme_fonts=\u00bbyes\u00bb css=\u00bb.vc_custom_1576567581276{margin-top: 0px !important;margin-bottom: 0px !important;padding-top: 0px !important;padding-bottom: 0px !important;padding-left: 55px !important;}\u00bb][vc_column_text el_class=\u00bblista-especial color-white\u00bb css=\u00bb.vc_custom_1589308244259{padding-top: 15px !important;padding-left: 65px !important;}\u00bb]<span style=\"font-weight: 400;\">&#8211; Abogado por la Facultad de Derecho de la Universidad de Guadalajara (1989-1994).<\/span><\/p>\n<p><span style=\"font-weight: 400;\">&#8211; Especialidad en Derecho Corporativo y Econ\u00f3mico por la Universidad Panamericana, Campus Guadalajara (1994).<\/span><\/p>\n<p><span style=\"font-weight: 400;\">&#8211; Especialidad en Derecho de las Sociedades Mercantiles por la Universidad Panamericana, Campus Guadalajara (1997).<\/span><\/p>\n<p><span style=\"font-weight: 400;\">&#8211; Especialidad en Derecho Procesal Civil y Mercantil por la Universidad Panamericana, Campus Guadalajara (1998).<\/span><\/p>\n<p><span style=\"font-weight: 400;\">&#8211; Especialidad en Derecho Constitucional y Amparo por la Universidad Panamericana, Campus Guadalajara (1999).<\/span><\/p>\n<p><span style=\"font-weight: 400;\">&#8211; Estudios a Nivel de Doctorado en la Universidad Panamericana, 2008-2010.<\/span><\/p>\n<p><span style=\"font-weight: 400;\">&#8211; Programa de Alta Direcci\u00f3n de Empresa en el IPADE. (2013-2014)<\/span><\/p>\n<p><span style=\"font-weight: 400;\">&#8211; Socio de la firma de abogados Lazo, Villa, Moel y Garc\u00eda, S.C. y director del \u00e1rea Civil y Mercantil (desde 1998 a la fecha).<\/span><\/p>\n<p><span style=\"font-weight: 400;\">&#8211; Miembro activo de la Barra Mexicana Colegio de Abogados, A.C., Cap\u00edtulo Jalisco.<\/span><\/p>\n<p><span style=\"font-weight: 400;\">&#8211; Profesor de Teor\u00eda General del Proceso en la Facultad de Derecho de la Universidad de Guadalajara (1995).<\/span><\/p>\n<p><span style=\"font-weight: 400;\">&#8211; Profesor de T\u00edtulos y Operaciones de Cr\u00e9dito, M\u00f3dulo de Casos pr\u00e1cticos de Empresa y ha sido profesor de Derecho Procesal Mercantil y Derecho Concursal, ambas en la Facultad de Derecho de la Universidad Panamericana, Sede Guadalajara.<\/span><\/p>\n<p><span style=\"font-weight: 400;\">&#8211; Profesor a nivel posgrado en la especialidad de Derecho Corporativo y Econ\u00f3mico de la Universidad Panamericana, con el m\u00f3dulo Controversias Corporativas.<\/span><\/p>\n<p><span style=\"font-weight: 400;\">&#8211; Ha impartido diversos m\u00f3dulos de Controversias Corporativas y Gobierno Corporativo (Barra Mexicana de Abogados, IMEF, etc.,).<\/span><\/p>\n<p><span style=\"font-weight: 400;\">&#8211; Es o ha fungido como asesor de diversas empresas, entre ellas; Star Productions (Grupo Fern\u00e1ndez), GVI (G\u00f3mez V\u00e1zquez), Quinta Real, Nordin, Grupo Mayan, Almacenadora Mercader (Fam. G\u00f3mez Flores), La Tranquila Resorts (Familia Ledesma), Familia Chalita, Turbana (Familia Lea\u00f1o), entre otros. En algunos de esos grupos, funge como miembro de consejos consultivos o forma parte del consejo de administraci\u00f3n.<\/span>[\/vc_column_text][\/vc_column][\/vc_row]<\/p>\n","protected":false},"excerpt":{"rendered":"<p>[vc_row content_placement=\u00bbmiddle\u00bb css=\u00bb.vc_custom_1576561060196{margin-top: 40px !important;margin-bottom: 0px !important;padding-bottom: 0px !important;}\u00bb][vc_column width=\u00bb1\/12&#8243;][\/vc_column][vc_column width=\u00bb10\/12&#8243;][vc_icon icon_fontawesome=\u00bbfas fa-arrow-left\u00bb color=\u00bbblack\u00bb size=\u00bbsm\u00bb link=\u00bburl:http%3A%2F%2Fwww.lvmg.mx%2Fen%2F%23abogados|||\u00bb][\/vc_column][vc_column width=\u00bb1\/12&#8243;][\/vc_column][\/vc_row][vc_row equal_height=\u00bbyes\u00bb el_class=\u00bbposicion-relativa abogado-titulo\u00bb][vc_column width=\u00bb1\/12&#8243;][\/vc_column][vc_column width=\u00bb4\/12&#8243; css=\u00bb.vc_custom_1576557392555{padding-right: 0px !important;padding-left: 0px !important;}\u00bb][\/vc_column][vc_column width=\u00bb7\/12&#8243;][vc_custom_heading text=\u00bbLuis Jorge Garcia Padilla\u00bb font_container=\u00bbtag:h2|font_size:2em|text_align:left|color:%23ffffff|line_height:1em\u00bb use_theme_fonts=\u00bbyes\u00bb css=\u00bb.vc_custom_1576567557627{margin-bottom: 0px !important;padding-bottom: 0px !important;}\u00bb el_class=\u00bbcolor-white font-weight mayusculas\u00bb][\/vc_column][\/vc_row][vc_row equal_height=\u00bbyes\u00bb][vc_column width=\u00bb1\/12&#8243;][\/vc_column][vc_column width=\u00bb4\/12&#8243; css=\u00bb.vc_custom_1576558343121{padding-right: 0px !important;padding-left: 0px !important;}\u00bb el_class=\u00bbposicion-relativa columna-foto-abogado\u00bb][vc_single_image image=\u00bb223&#8243; img_size=\u00bblarge\u00bb alignment=\u00bbright\u00bb &hellip; <a href=\"https:\/\/www.lvmg.mx\/es\/luis-jorge-garcia-padilla\/\" class=\"more-link\">Continue reading <span class=\"screen-reader-text\">Luis Jorge Garcia Padilla<\/span> <span class=\"meta-nav\">&rarr;<\/span><\/a><\/p>\n","protected":false},"author":1,"featured_media":0,"parent":0,"menu_order":0,"comment_status":"closed","ping_status":"closed","template":"","meta":{"footnotes":""},"class_list":["post-226","page","type-page","status-publish","hentry"],"_links":{"self":[{"href":"https:\/\/www.lvmg.mx\/es\/wp-json\/wp\/v2\/pages\/226","targetHints":{"allow":["GET"]}}],"collection":[{"href":"https:\/\/www.lvmg.mx\/es\/wp-json\/wp\/v2\/pages"}],"about":[{"href":"https:\/\/www.lvmg.mx\/es\/wp-json\/wp\/v2\/types\/page"}],"author":[{"embeddable":true,"href":"https:\/\/www.lvmg.mx\/es\/wp-json\/wp\/v2\/users\/1"}],"replies":[{"embeddable":true,"href":"https:\/\/www.lvmg.mx\/es\/wp-json\/wp\/v2\/comments?post=226"}],"version-history":[{"count":5,"href":"https:\/\/www.lvmg.mx\/es\/wp-json\/wp\/v2\/pages\/226\/revisions"}],"predecessor-version":[{"id":631,"href":"https:\/\/www.lvmg.mx\/es\/wp-json\/wp\/v2\/pages\/226\/revisions\/631"}],"wp:attachment":[{"href":"https:\/\/www.lvmg.mx\/es\/wp-json\/wp\/v2\/media?parent=226"}],"curies":[{"name":"wp","href":"https:\/\/api.w.org\/{rel}","templated":true}]}}