{"id":207,"date":"2019-12-17T07:16:25","date_gmt":"2019-12-17T07:16:25","guid":{"rendered":"http:\/\/www.lvmg.mx\/\/?page_id=207"},"modified":"2020-01-28T17:07:37","modified_gmt":"2020-01-28T23:07:37","slug":"heriberto-h-vazquez-rodriguez","status":"publish","type":"page","link":"https:\/\/www.lvmg.mx\/es\/heriberto-h-vazquez-rodriguez\/","title":{"rendered":"Heriberto H. Vazquez Rodriguez"},"content":{"rendered":"<p>[vc_row content_placement=\u00bbmiddle\u00bb css=\u00bb.vc_custom_1576561060196{margin-top: 40px !important;margin-bottom: 0px !important;padding-bottom: 0px !important;}\u00bb][vc_column width=\u00bb1\/12&#8243;][\/vc_column][vc_column width=\u00bb10\/12&#8243;][vc_single_image image=\u00bb184&#8243; img_size=\u00bbfull\u00bb onclick=\u00bbcustom_link\u00bb link=\u00bbhttp:\/\/www.lvmg.mx\/\/\u00bb el_id=\u00bbflecha-volver\u00bb css=\u00bb.vc_custom_1576561084246{margin-bottom: 0px !important;padding-bottom: 0px !important;}\u00bb][\/vc_column][vc_column width=\u00bb1\/12&#8243;][\/vc_column][\/vc_row][vc_row equal_height=\u00bbyes\u00bb el_class=\u00bbposicion-relativa abogado-titulo\u00bb][vc_column width=\u00bb1\/12&#8243;][\/vc_column][vc_column width=\u00bb4\/12&#8243; css=\u00bb.vc_custom_1576557392555{padding-right: 0px !important;padding-left: 0px !important;}\u00bb][\/vc_column][vc_column width=\u00bb7\/12&#8243;][vc_custom_heading text=\u00bbHeriberto H. Vazquez Rodriguez\u00bb font_container=\u00bbtag:h2|font_size:2em|text_align:left|color:%23ffffff|line_height:1em\u00bb use_theme_fonts=\u00bbyes\u00bb css=\u00bb.vc_custom_1576566979631{margin-bottom: 0px !important;padding-bottom: 0px !important;}\u00bb el_class=\u00bbcolor-white font-weight mayusculas\u00bb][\/vc_column][\/vc_row][vc_row equal_height=\u00bbyes\u00bb][vc_column width=\u00bb1\/12&#8243;][\/vc_column][vc_column width=\u00bb4\/12&#8243; css=\u00bb.vc_custom_1576558343121{padding-right: 0px !important;padding-left: 0px !important;}\u00bb el_class=\u00bbposicion-relativa columna-foto-abogado\u00bb][vc_single_image image=\u00bb196&#8243; img_size=\u00bblarge\u00bb alignment=\u00bbright\u00bb el_class=\u00bbfoto-abogado\u00bb css=\u00bb.vc_custom_1576566958143{margin-top: 20px !important;margin-bottom: 20px !important;}\u00bb][\/vc_column][vc_column width=\u00bb7\/12&#8243; css=\u00bb.vc_custom_1576566262761{padding-top: 50px !important;background-color: #2b2420 !important;}\u00bb el_id=\u00bbdescripcion-abogado\u00bb][vc_custom_heading text=\u00bbAsociado \u00e1rea mercantil\u00bb font_container=\u00bbtag:div|font_size:1em|text_align:left|color:%23b3964e|line_height:1.2em\u00bb use_theme_fonts=\u00bbyes\u00bb css=\u00bb.vc_custom_1576566925245{margin-top: 0px !important;margin-bottom: 0px !important;padding-top: 0px !important;padding-bottom: 0px !important;padding-left: 55px !important;}\u00bb][vc_custom_heading text=\u00bbhvazquez@lvmg.mx\u00bb font_container=\u00bbtag:div|font_size:0.85em|text_align:left|color:%23ffffff|line_height:1.2em\u00bb use_theme_fonts=\u00bbyes\u00bb css=\u00bb.vc_custom_1576566930151{margin-top: 0px !important;margin-bottom: 0px !important;padding-top: 0px !important;padding-bottom: 0px !important;padding-left: 55px !important;}\u00bb][vc_column_text el_class=\u00bblista-especial color-white\u00bb css=\u00bb.vc_custom_1580252826718{padding-top: 15px !important;padding-left: 65px !important;}\u00bb]<span style=\"font-weight: 400;\">&#8211; Abogado por la Facultad de Derecho de la Universidad de Guadalajara (2004-2008).<\/span><\/p>\n<p><span style=\"font-weight: 400;\">&#8211; Maestr\u00eda en Derecho Corporativo y Financiero por la Universidad de Guadalajara (2010-2012), tesis: \u201cLa emisi\u00f3n del dictamen t\u00e9cnico t\u00edtulo ejecutivo, por parte de la Comisi\u00f3n Federal de Competencia Econ\u00f3mica\u201d.<\/span><\/p>\n<p><span style=\"font-weight: 400;\">&#8211; Miembro de la firma de abogados Lazo, Villa, Moel y Garc\u00eda, S.C. (Desde 2010 a la fecha).<\/span><\/p>\n<p><span style=\"font-weight: 400;\">&#8211; Profesor de Derecho Procesal Civil en la Facultad de Derecho de la Universidad Enrique Diaz de Leon (Desde 2012 a la fecha).<\/span>[\/vc_column_text][\/vc_column][\/vc_row]<\/p>\n","protected":false},"excerpt":{"rendered":"<p>[vc_row content_placement=\u00bbmiddle\u00bb css=\u00bb.vc_custom_1576561060196{margin-top: 40px !important;margin-bottom: 0px !important;padding-bottom: 0px !important;}\u00bb][vc_column width=\u00bb1\/12&#8243;][\/vc_column][vc_column width=\u00bb10\/12&#8243;][vc_single_image image=\u00bb184&#8243; img_size=\u00bbfull\u00bb onclick=\u00bbcustom_link\u00bb link=\u00bbhttp:\/\/www.lvmg.mx\/\/\u00bb el_id=\u00bbflecha-volver\u00bb css=\u00bb.vc_custom_1576561084246{margin-bottom: 0px !important;padding-bottom: 0px !important;}\u00bb][\/vc_column][vc_column width=\u00bb1\/12&#8243;][\/vc_column][\/vc_row][vc_row equal_height=\u00bbyes\u00bb el_class=\u00bbposicion-relativa abogado-titulo\u00bb][vc_column width=\u00bb1\/12&#8243;][\/vc_column][vc_column width=\u00bb4\/12&#8243; css=\u00bb.vc_custom_1576557392555{padding-right: 0px !important;padding-left: 0px !important;}\u00bb][\/vc_column][vc_column width=\u00bb7\/12&#8243;][vc_custom_heading text=\u00bbHeriberto H. Vazquez Rodriguez\u00bb font_container=\u00bbtag:h2|font_size:2em|text_align:left|color:%23ffffff|line_height:1em\u00bb use_theme_fonts=\u00bbyes\u00bb css=\u00bb.vc_custom_1576566979631{margin-bottom: 0px !important;padding-bottom: 0px !important;}\u00bb el_class=\u00bbcolor-white font-weight mayusculas\u00bb][\/vc_column][\/vc_row][vc_row equal_height=\u00bbyes\u00bb][vc_column width=\u00bb1\/12&#8243;][\/vc_column][vc_column width=\u00bb4\/12&#8243; css=\u00bb.vc_custom_1576558343121{padding-right: 0px !important;padding-left: 0px !important;}\u00bb &hellip; <a href=\"https:\/\/www.lvmg.mx\/es\/heriberto-h-vazquez-rodriguez\/\" class=\"more-link\">Continue reading <span class=\"screen-reader-text\">Heriberto H. Vazquez Rodriguez<\/span> <span class=\"meta-nav\">&rarr;<\/span><\/a><\/p>\n","protected":false},"author":1,"featured_media":0,"parent":0,"menu_order":0,"comment_status":"closed","ping_status":"closed","template":"","meta":{"footnotes":""},"class_list":["post-207","page","type-page","status-publish","hentry"],"_links":{"self":[{"href":"https:\/\/www.lvmg.mx\/es\/wp-json\/wp\/v2\/pages\/207","targetHints":{"allow":["GET"]}}],"collection":[{"href":"https:\/\/www.lvmg.mx\/es\/wp-json\/wp\/v2\/pages"}],"about":[{"href":"https:\/\/www.lvmg.mx\/es\/wp-json\/wp\/v2\/types\/page"}],"author":[{"embeddable":true,"href":"https:\/\/www.lvmg.mx\/es\/wp-json\/wp\/v2\/users\/1"}],"replies":[{"embeddable":true,"href":"https:\/\/www.lvmg.mx\/es\/wp-json\/wp\/v2\/comments?post=207"}],"version-history":[{"count":2,"href":"https:\/\/www.lvmg.mx\/es\/wp-json\/wp\/v2\/pages\/207\/revisions"}],"predecessor-version":[{"id":354,"href":"https:\/\/www.lvmg.mx\/es\/wp-json\/wp\/v2\/pages\/207\/revisions\/354"}],"wp:attachment":[{"href":"https:\/\/www.lvmg.mx\/es\/wp-json\/wp\/v2\/media?parent=207"}],"curies":[{"name":"wp","href":"https:\/\/api.w.org\/{rel}","templated":true}]}}