{"id":138,"date":"2019-12-17T02:45:32","date_gmt":"2019-12-17T02:45:32","guid":{"rendered":"http:\/\/www.lvmg.mx\/\/?page_id=138"},"modified":"2020-02-10T21:19:34","modified_gmt":"2020-02-11T03:19:34","slug":"nosotros","status":"publish","type":"page","link":"https:\/\/www.lvmg.mx\/es\/nosotros\/","title":{"rendered":"Nosotros"},"content":{"rendered":"<p>[vc_row el_class=\u00bbaltura-minima-area\u00bb css=\u00bb.vc_custom_1576550534121{background-image: url(http:\/\/www.lvmg.mx\/\/wp-content\/uploads\/2019\/12\/Back_Nosotros.jpg?id=139) !important;background-position: center !important;background-repeat: no-repeat !important;background-size: cover !important;}\u00bb][vc_column][\/vc_column][\/vc_row][vc_row css=\u00bb.vc_custom_1576548975016{border-top-width: 10px !important;background-color: #f1f1f1 !important;border-top-color: #b3964e !important;border-top-style: solid !important;}\u00bb][vc_column width=\u00bb2\/12&#8243;][\/vc_column][vc_column width=\u00bb8\/12&#8243; el_class=\u00bbposicion-relativa columna-arriba-nosotros\u00bb][vc_custom_heading text=\u00bbNosotros\u00bb font_container=\u00bbtag:h2|font_size:3.5em|text_align:left|color:%23ffffff|line_height:1em\u00bb use_theme_fonts=\u00bbyes\u00bb css=\u00bb.vc_custom_1578529966843{margin-top: 0px !important;margin-bottom: 0px !important;padding-top: 0px !important;padding-bottom: 0px !important;padding-left: 35px !important;}\u00bb el_class=\u00bbdmserif titular-clientes\u00bb][vc_row_inner css=\u00bb.vc_custom_1576549905956{margin-right: 0px !important;margin-left: 0px !important;padding-right: 50px !important;padding-bottom: 100px !important;padding-left: 35px !important;background-color: #ffffff !important;}\u00bb el_id=\u00bbcorregir-padding-movil\u00bb][vc_column_inner][vc_column_text el_class=\u00bblista-especial corregir-padding-nosotros-movil letter-spacing-1&#8243; css=\u00bb.vc_custom_1581391171169{padding-left: 70px !important;}\u00bb el_id=\u00bbcorregir-padding-nosotros-movil\u00bb]<strong>La Firma Lazo, Villa, Moel, y Garc\u00eda, S.C., fue fundada en 1963 como \u201cLazo Mendiz\u00e1bal, Camarena Font-Reaulx y Jim\u00e9nez Remus\u201d<\/strong> con el prop\u00f3sito de ofrecer servicios profesionales de asesor\u00eda jur\u00eddica en diversas especialidades, tanto a clientes nacionales como extranjeros. Actualmente se encuentra formada por tres socios, once asociados, siete abogados y nueve pasantes en derecho que a trav\u00e9s de nuestras oficinas en Guadalajara y Puerto Vallarta, as\u00ed como de convenios de asociaci\u00f3n con despachos en todo el occidente del pa\u00eds, Monterrey y la Ciudad de M\u00e9xico, prestan su servicio en las siguientes \u00e1reas de especialidad:<\/p>\n<ul>\n<li>Litigio Civil y Mercantil<\/li>\n<li>Litigio Penal<\/li>\n<li>Derecho Familiar<\/li>\n<li>Derecho Corporativo<\/li>\n<li>Gobierno Corporativo<\/li>\n<li>Comercio Internacional<\/li>\n<li>Litigio Administrativo y Fiscal<\/li>\n<li>Derecho Aduanero<\/li>\n<li>Derecho de la Propiedad Intelectual.<\/li>\n<\/ul>\n<p><strong>Cada \u00e1rea se encuentra supervisada por un socio especialista en la materia y cuenta con abogados biling\u00fces<\/strong>, lo que nos permite estar preparados para proporcionar un servicio legal a clientes extranjeros o con intereses en otros pa\u00edses.<\/p>\n<p><strong>Nuestra misi\u00f3n:<\/strong><\/p>\n<p>Prestar un servicio profesional, altamente calificado y especializado, trabajando con valores \u00e9ticos y procurando un trato cercano con el cliente atendiendo sus necesidades de forma atenta.<\/p>\n<p>Los Socios y Asociados de la firma, adem\u00e1s de ser miembros activos de la Barra Mexicana Colegio de Abogados y estar certificados en el Sistema Acusatorio Adversarial, son actualmente profesores de asignatura tanto en la Facultad de Derecho de la Universidad Panamericana, Campus Guadalajara, como de la Facultad de Derecho de la Universidad de Guadalajara.[\/vc_column_text][\/vc_column_inner][\/vc_row_inner][vc_single_image image=\u00bb363&#8243; img_size=\u00bbfull\u00bb css=\u00bb.vc_custom_1580405973150{margin-bottom: 0px !important;padding-right: 20% !important;padding-bottom: 0px !important;padding-left: 40px !important;background-color: #ffffff !important;}\u00bb][vc_column_text el_class=\u00bblinea-izquierda\u00bb css=\u00bb.vc_custom_1576551182621{padding-top: 10px !important;padding-bottom: 50px !important;background-color: #ffffff !important;}\u00bb]Socios[\/vc_column_text][\/vc_column][vc_column width=\u00bb2\/12&#8243;][\/vc_column][\/vc_row]<\/p>\n","protected":false},"excerpt":{"rendered":"<p>[vc_row el_class=\u00bbaltura-minima-area\u00bb css=\u00bb.vc_custom_1576550534121{background-image: url(http:\/\/www.lvmg.mx\/\/wp-content\/uploads\/2019\/12\/Back_Nosotros.jpg?id=139) !important;background-position: center !important;background-repeat: no-repeat !important;background-size: cover !important;}\u00bb][vc_column][\/vc_column][\/vc_row][vc_row css=\u00bb.vc_custom_1576548975016{border-top-width: 10px !important;background-color: #f1f1f1 !important;border-top-color: #b3964e !important;border-top-style: solid !important;}\u00bb][vc_column width=\u00bb2\/12&#8243;][\/vc_column][vc_column width=\u00bb8\/12&#8243; el_class=\u00bbposicion-relativa columna-arriba-nosotros\u00bb][vc_custom_heading text=\u00bbNosotros\u00bb font_container=\u00bbtag:h2|font_size:3.5em|text_align:left|color:%23ffffff|line_height:1em\u00bb use_theme_fonts=\u00bbyes\u00bb css=\u00bb.vc_custom_1578529966843{margin-top: 0px !important;margin-bottom: 0px !important;padding-top: 0px !important;padding-bottom: 0px !important;padding-left: 35px !important;}\u00bb el_class=\u00bbdmserif titular-clientes\u00bb][vc_row_inner css=\u00bb.vc_custom_1576549905956{margin-right: 0px !important;margin-left: 0px !important;padding-right: 50px !important;padding-bottom: 100px !important;padding-left: 35px !important;background-color: #ffffff !important;}\u00bb el_id=\u00bbcorregir-padding-movil\u00bb][vc_column_inner][vc_column_text el_class=\u00bblista-especial &hellip; <a href=\"https:\/\/www.lvmg.mx\/es\/nosotros\/\" class=\"more-link\">Continue reading <span class=\"screen-reader-text\">Nosotros<\/span> <span class=\"meta-nav\">&rarr;<\/span><\/a><\/p>\n","protected":false},"author":1,"featured_media":0,"parent":0,"menu_order":0,"comment_status":"closed","ping_status":"closed","template":"","meta":{"footnotes":""},"class_list":["post-138","page","type-page","status-publish","hentry"],"_links":{"self":[{"href":"https:\/\/www.lvmg.mx\/es\/wp-json\/wp\/v2\/pages\/138","targetHints":{"allow":["GET"]}}],"collection":[{"href":"https:\/\/www.lvmg.mx\/es\/wp-json\/wp\/v2\/pages"}],"about":[{"href":"https:\/\/www.lvmg.mx\/es\/wp-json\/wp\/v2\/types\/page"}],"author":[{"embeddable":true,"href":"https:\/\/www.lvmg.mx\/es\/wp-json\/wp\/v2\/users\/1"}],"replies":[{"embeddable":true,"href":"https:\/\/www.lvmg.mx\/es\/wp-json\/wp\/v2\/comments?post=138"}],"version-history":[{"count":21,"href":"https:\/\/www.lvmg.mx\/es\/wp-json\/wp\/v2\/pages\/138\/revisions"}],"predecessor-version":[{"id":372,"href":"https:\/\/www.lvmg.mx\/es\/wp-json\/wp\/v2\/pages\/138\/revisions\/372"}],"wp:attachment":[{"href":"https:\/\/www.lvmg.mx\/es\/wp-json\/wp\/v2\/media?parent=138"}],"curies":[{"name":"wp","href":"https:\/\/api.w.org\/{rel}","templated":true}]}}