{"id":134,"date":"2019-12-17T02:39:47","date_gmt":"2019-12-17T02:39:47","guid":{"rendered":"http:\/\/www.lvmg.mx\/\/?page_id=134"},"modified":"2020-12-16T17:53:03","modified_gmt":"2020-12-16T23:53:03","slug":"area-administrativa-y-fiscal","status":"publish","type":"page","link":"https:\/\/www.lvmg.mx\/es\/area-administrativa-y-fiscal\/","title":{"rendered":"\u00c1rea administrativa y fiscal"},"content":{"rendered":"<p>[vc_row el_class=\u00bbaltura-minima-area\u00bb css=\u00bb.vc_custom_1576550043683{background-image: url(http:\/\/www.lvmg.mx\/\/wp-content\/uploads\/2019\/12\/Back_Familiar.jpg?id=129) !important;background-position: center !important;background-repeat: no-repeat !important;background-size: cover !important;}\u00bb][vc_column][\/vc_column][\/vc_row][vc_row css=\u00bb.vc_custom_1576548975016{border-top-width: 10px !important;background-color: #f1f1f1 !important;border-top-color: #b3964e !important;border-top-style: solid !important;}\u00bb][vc_column width=\u00bb2\/12&#8243;][\/vc_column][vc_column width=\u00bb10\/12&#8243; el_class=\u00bbposicion-relativa columna-arriba-area\u00bb][vc_custom_heading text=\u00bb\u00c1rea\u00bb font_container=\u00bbtag:h2|font_size:3.5em|text_align:left|color:%23ffffff|line_height:1em\u00bb use_theme_fonts=\u00bbyes\u00bb css=\u00bb.vc_custom_1576549335808{margin-top: 0px !important;margin-bottom: 0px !important;padding-top: 0px !important;padding-bottom: 0px !important;padding-left: 35px !important;}\u00bb][vc_custom_heading text=\u00bbAdministrativa y Fiscal\u00bb font_container=\u00bbtag:h2|font_size:3.5em|text_align:left|color:%232b2420|line_height:1em\u00bb use_theme_fonts=\u00bbyes\u00bb css=\u00bb.vc_custom_1576550401037{margin-top: 0px !important;margin-bottom: 0px !important;padding-top: 0px !important;padding-bottom: 0px !important;padding-left: 35px !important;background-color: #ffffff !important;}\u00bb][vc_row_inner css=\u00bb.vc_custom_1576549905956{margin-right: 0px !important;margin-left: 0px !important;padding-right: 50px !important;padding-bottom: 100px !important;padding-left: 35px !important;background-color: #ffffff !important;}\u00bb el_id=\u00bbcorregir-padding-movil\u00bb][vc_column_inner width=\u00bb1\/2&#8243;][vc_column_text]En el \u00e1rea fiscal y administrativa, ofrecemos <strong>servicios de litigio<\/strong> en contra de cualquier resoluci\u00f3n emitida por <strong>autoridad federal, estatal o municipal<\/strong>:[\/vc_column_text][\/vc_column_inner][vc_column_inner width=\u00bb1\/2&#8243;][vc_column_text el_class=\u00bblista-especial\u00bb]<\/p>\n<ul>\n<li>Determinaciones de cr\u00e9ditos fiscales o multas de cualquier dependencia de gobierno a nivel federal (Infonavit, IMSS, SHCP), estatal o municipal.<\/li>\n<li>En contra de resoluciones emitidas por el Instituto Mexicano de la Propiedad Industrial e Instituto Nacional del Derecho de Autor.<\/li>\n<li>Procedimientos en contra de la Secretar\u00eda del Medio Ambiente y Recursos Naturales, y Procuradur\u00eda Federal de Protecci\u00f3n al Ambiente (manifestaciones de impacto ambiental, procedimientos de verificaci\u00f3n que derivan en sanciones econ\u00f3micas o clausura).<\/li>\n<li>Asesor\u00eda en licitaciones p\u00fablicas a nivel federal y estatal y litigio en contra de las determinaciones de los procedimientos de licitaci\u00f3n a nivel federal y estatal, litigios en contra de clausuras de cualquier dependencia a nivel federal, estatal o municipal.<\/li>\n<li>Asesor\u00eda y litigios en materia de registros sanitarios ante la Comisi\u00f3n Federal de Riesgos Sanitarios (Cofepris).<\/li>\n<li>An\u00e1lisis y asesor\u00eda en materia de contratos administrativos, litigio en contra de rescisi\u00f3n de contratos administrativos e incumplimiento de contratos por parte del Gobierno.<\/li>\n<\/ul>\n<p>[\/vc_column_text][\/vc_column_inner][\/vc_row_inner][\/vc_column][\/vc_row]<\/p>\n","protected":false},"excerpt":{"rendered":"<p>[vc_row el_class=\u00bbaltura-minima-area\u00bb css=\u00bb.vc_custom_1576550043683{background-image: url(http:\/\/www.lvmg.mx\/\/wp-content\/uploads\/2019\/12\/Back_Familiar.jpg?id=129) !important;background-position: center !important;background-repeat: no-repeat !important;background-size: cover !important;}\u00bb][vc_column][\/vc_column][\/vc_row][vc_row css=\u00bb.vc_custom_1576548975016{border-top-width: 10px !important;background-color: #f1f1f1 !important;border-top-color: #b3964e !important;border-top-style: solid !important;}\u00bb][vc_column width=\u00bb2\/12&#8243;][\/vc_column][vc_column width=\u00bb10\/12&#8243; el_class=\u00bbposicion-relativa columna-arriba-area\u00bb][vc_custom_heading text=\u00bb\u00c1rea\u00bb font_container=\u00bbtag:h2|font_size:3.5em|text_align:left|color:%23ffffff|line_height:1em\u00bb use_theme_fonts=\u00bbyes\u00bb css=\u00bb.vc_custom_1576549335808{margin-top: 0px !important;margin-bottom: 0px !important;padding-top: 0px !important;padding-bottom: 0px !important;padding-left: 35px !important;}\u00bb][vc_custom_heading text=\u00bbAdministrativa y Fiscal\u00bb font_container=\u00bbtag:h2|font_size:3.5em|text_align:left|color:%232b2420|line_height:1em\u00bb use_theme_fonts=\u00bbyes\u00bb css=\u00bb.vc_custom_1576550401037{margin-top: 0px !important;margin-bottom: 0px !important;padding-top: 0px !important;padding-bottom: 0px !important;padding-left: 35px !important;background-color: #ffffff &hellip; <a href=\"https:\/\/www.lvmg.mx\/es\/area-administrativa-y-fiscal\/\" class=\"more-link\">Continue reading <span class=\"screen-reader-text\">\u00c1rea administrativa y fiscal<\/span> <span class=\"meta-nav\">&rarr;<\/span><\/a><\/p>\n","protected":false},"author":1,"featured_media":0,"parent":0,"menu_order":0,"comment_status":"closed","ping_status":"closed","template":"","meta":{"footnotes":""},"class_list":["post-134","page","type-page","status-publish","hentry"],"_links":{"self":[{"href":"https:\/\/www.lvmg.mx\/es\/wp-json\/wp\/v2\/pages\/134","targetHints":{"allow":["GET"]}}],"collection":[{"href":"https:\/\/www.lvmg.mx\/es\/wp-json\/wp\/v2\/pages"}],"about":[{"href":"https:\/\/www.lvmg.mx\/es\/wp-json\/wp\/v2\/types\/page"}],"author":[{"embeddable":true,"href":"https:\/\/www.lvmg.mx\/es\/wp-json\/wp\/v2\/users\/1"}],"replies":[{"embeddable":true,"href":"https:\/\/www.lvmg.mx\/es\/wp-json\/wp\/v2\/comments?post=134"}],"version-history":[{"count":4,"href":"https:\/\/www.lvmg.mx\/es\/wp-json\/wp\/v2\/pages\/134\/revisions"}],"predecessor-version":[{"id":640,"href":"https:\/\/www.lvmg.mx\/es\/wp-json\/wp\/v2\/pages\/134\/revisions\/640"}],"wp:attachment":[{"href":"https:\/\/www.lvmg.mx\/es\/wp-json\/wp\/v2\/media?parent=134"}],"curies":[{"name":"wp","href":"https:\/\/api.w.org\/{rel}","templated":true}]}}