{"id":131,"date":"2019-12-17T02:38:55","date_gmt":"2019-12-17T02:38:55","guid":{"rendered":"http:\/\/www.lvmg.mx\/\/?page_id=131"},"modified":"2019-12-17T02:38:55","modified_gmt":"2019-12-17T02:38:55","slug":"area-civil-y-mercantil","status":"publish","type":"page","link":"https:\/\/www.lvmg.mx\/es\/area-civil-y-mercantil\/","title":{"rendered":"\u00c1rea civil y mercantil"},"content":{"rendered":"<p>[vc_row el_class=\u00bbaltura-minima-area\u00bb css=\u00bb.vc_custom_1576550333195{background-image: url(http:\/\/www.lvmg.mx\/\/wp-content\/uploads\/2019\/12\/Back_CivilMercantil.jpg?id=132) !important;background-position: center !important;background-repeat: no-repeat !important;background-size: cover !important;}\u00bb][vc_column][\/vc_column][\/vc_row][vc_row css=\u00bb.vc_custom_1576548975016{border-top-width: 10px !important;background-color: #f1f1f1 !important;border-top-color: #b3964e !important;border-top-style: solid !important;}\u00bb][vc_column width=\u00bb2\/12&#8243;][\/vc_column][vc_column width=\u00bb10\/12&#8243; el_class=\u00bbposicion-relativa columna-arriba-area\u00bb][vc_custom_heading text=\u00bb\u00c1rea\u00bb font_container=\u00bbtag:h2|font_size:3.5em|text_align:left|color:%23ffffff|line_height:1em\u00bb use_theme_fonts=\u00bbyes\u00bb css=\u00bb.vc_custom_1576549335808{margin-top: 0px !important;margin-bottom: 0px !important;padding-top: 0px !important;padding-bottom: 0px !important;padding-left: 35px !important;}\u00bb][vc_custom_heading text=\u00bbCivil y Mercantil\u00bb font_container=\u00bbtag:h2|font_size:3.5em|text_align:left|color:%232b2420|line_height:1em\u00bb use_theme_fonts=\u00bbyes\u00bb css=\u00bb.vc_custom_1576550238604{margin-top: 0px !important;margin-bottom: 0px !important;padding-top: 0px !important;padding-bottom: 0px !important;padding-left: 35px !important;background-color: #ffffff !important;}\u00bb][vc_row_inner css=\u00bb.vc_custom_1576549905956{margin-right: 0px !important;margin-left: 0px !important;padding-right: 50px !important;padding-bottom: 100px !important;padding-left: 35px !important;background-color: #ffffff !important;}\u00bb el_id=\u00bbcorregir-padding-movil\u00bb][vc_column_inner width=\u00bb1\/2&#8243;][vc_column_text]<strong>Manejo y resoluci\u00f3n judicial y extrajudicial<\/strong> de conflictos corporativos y mercantiles en general.<br \/>\nCon relaci\u00f3n a los conflictos corporativos asesoramos al cliente en:[\/vc_column_text][\/vc_column_inner][vc_column_inner width=\u00bb1\/2&#8243;][vc_column_text el_class=\u00bblista-especial\u00bb]<\/p>\n<ul>\n<li>Implementaci\u00f3n de estrategias judiciales o corporativas para adquirir el control de empresas.<\/li>\n<li>Limitaci\u00f3n del control de un grupo de accionistas.<\/li>\n<li>Revision y modificaci\u00f3n de estatutos sociales.<\/li>\n<li>Asesor\u00eda para la implementaci\u00f3n del Gobierno Corporativo en la empresa familiar.<\/li>\n<li>Manejo de protocolos de familia.<\/li>\n<li>Asesor\u00eda en la implementaci\u00f3n de Consejos de Administraci\u00f3n y Comit\u00e9s Ejecutivos. Consejer\u00eda independiente.<\/li>\n<li>Asesor\u00eda a grupos de accionistas para la implementaci\u00f3n de reglas de institucionalizaci\u00f3n o de gobierno corporativo.<\/li>\n<li>Asesor\u00eda en la implementaci\u00f3n de negocios y asociaciones de negocios, entre grupos de socios o accionistas.<\/li>\n<li>Asesor\u00eda para la protecci\u00f3n de la posici\u00f3n o de bienes y derechos en la implementaci\u00f3n de negocios y asociaciones.<\/li>\n<li>Asesor\u00eda para la recuperaci\u00f3n de bienes y derechos comprometidos en los negocios y asociaciones.<\/li>\n<li>Asesor\u00eda para afrontar crisis econ\u00f3micas y del modelo de negocio de la empresa, incluyendo la asesor\u00eda para atemperar el rigor y riesgo de tales circunstancias.<\/li>\n<li>Asesor\u00eda para Manejo Integral para la soluci\u00f3n de adeudos empresariales.<\/li>\n<\/ul>\n<p>[\/vc_column_text][\/vc_column_inner][\/vc_row_inner][\/vc_column][\/vc_row]<\/p>\n","protected":false},"excerpt":{"rendered":"<p>[vc_row el_class=\u00bbaltura-minima-area\u00bb css=\u00bb.vc_custom_1576550333195{background-image: url(http:\/\/www.lvmg.mx\/\/wp-content\/uploads\/2019\/12\/Back_CivilMercantil.jpg?id=132) !important;background-position: center !important;background-repeat: no-repeat !important;background-size: cover !important;}\u00bb][vc_column][\/vc_column][\/vc_row][vc_row css=\u00bb.vc_custom_1576548975016{border-top-width: 10px !important;background-color: #f1f1f1 !important;border-top-color: #b3964e !important;border-top-style: solid !important;}\u00bb][vc_column width=\u00bb2\/12&#8243;][\/vc_column][vc_column width=\u00bb10\/12&#8243; el_class=\u00bbposicion-relativa columna-arriba-area\u00bb][vc_custom_heading text=\u00bb\u00c1rea\u00bb font_container=\u00bbtag:h2|font_size:3.5em|text_align:left|color:%23ffffff|line_height:1em\u00bb use_theme_fonts=\u00bbyes\u00bb css=\u00bb.vc_custom_1576549335808{margin-top: 0px !important;margin-bottom: 0px !important;padding-top: 0px !important;padding-bottom: 0px !important;padding-left: 35px !important;}\u00bb][vc_custom_heading text=\u00bbCivil y Mercantil\u00bb font_container=\u00bbtag:h2|font_size:3.5em|text_align:left|color:%232b2420|line_height:1em\u00bb use_theme_fonts=\u00bbyes\u00bb css=\u00bb.vc_custom_1576550238604{margin-top: 0px !important;margin-bottom: 0px !important;padding-top: 0px !important;padding-bottom: 0px !important;padding-left: 35px !important;background-color: #ffffff &hellip; <a href=\"https:\/\/www.lvmg.mx\/es\/area-civil-y-mercantil\/\" class=\"more-link\">Continue reading <span class=\"screen-reader-text\">\u00c1rea civil y mercantil<\/span> <span class=\"meta-nav\">&rarr;<\/span><\/a><\/p>\n","protected":false},"author":1,"featured_media":0,"parent":0,"menu_order":0,"comment_status":"closed","ping_status":"closed","template":"","meta":{"footnotes":""},"class_list":["post-131","page","type-page","status-publish","hentry"],"_links":{"self":[{"href":"https:\/\/www.lvmg.mx\/es\/wp-json\/wp\/v2\/pages\/131","targetHints":{"allow":["GET"]}}],"collection":[{"href":"https:\/\/www.lvmg.mx\/es\/wp-json\/wp\/v2\/pages"}],"about":[{"href":"https:\/\/www.lvmg.mx\/es\/wp-json\/wp\/v2\/types\/page"}],"author":[{"embeddable":true,"href":"https:\/\/www.lvmg.mx\/es\/wp-json\/wp\/v2\/users\/1"}],"replies":[{"embeddable":true,"href":"https:\/\/www.lvmg.mx\/es\/wp-json\/wp\/v2\/comments?post=131"}],"version-history":[{"count":1,"href":"https:\/\/www.lvmg.mx\/es\/wp-json\/wp\/v2\/pages\/131\/revisions"}],"predecessor-version":[{"id":133,"href":"https:\/\/www.lvmg.mx\/es\/wp-json\/wp\/v2\/pages\/131\/revisions\/133"}],"wp:attachment":[{"href":"https:\/\/www.lvmg.mx\/es\/wp-json\/wp\/v2\/media?parent=131"}],"curies":[{"name":"wp","href":"https:\/\/api.w.org\/{rel}","templated":true}]}}