{"id":128,"date":"2019-12-17T02:36:04","date_gmt":"2019-12-17T02:36:04","guid":{"rendered":"http:\/\/www.lvmg.mx\/\/?page_id=128"},"modified":"2019-12-17T02:36:04","modified_gmt":"2019-12-17T02:36:04","slug":"area-familiar","status":"publish","type":"page","link":"https:\/\/www.lvmg.mx\/es\/area-familiar\/","title":{"rendered":"\u00c1rea familiar"},"content":{"rendered":"<p>[vc_row el_class=\u00bbaltura-minima-area\u00bb css=\u00bb.vc_custom_1576550043683{background-image: url(http:\/\/www.lvmg.mx\/\/wp-content\/uploads\/2019\/12\/Back_Familiar.jpg?id=129) !important;background-position: center !important;background-repeat: no-repeat !important;background-size: cover !important;}\u00bb][vc_column][\/vc_column][\/vc_row][vc_row css=\u00bb.vc_custom_1576548975016{border-top-width: 10px !important;background-color: #f1f1f1 !important;border-top-color: #b3964e !important;border-top-style: solid !important;}\u00bb][vc_column width=\u00bb2\/12&#8243;][\/vc_column][vc_column width=\u00bb10\/12&#8243; el_class=\u00bbposicion-relativa columna-arriba-area\u00bb][vc_custom_heading text=\u00bb\u00c1rea\u00bb font_container=\u00bbtag:h2|font_size:3.5em|text_align:left|color:%23ffffff|line_height:1em\u00bb use_theme_fonts=\u00bbyes\u00bb css=\u00bb.vc_custom_1576549335808{margin-top: 0px !important;margin-bottom: 0px !important;padding-top: 0px !important;padding-bottom: 0px !important;padding-left: 35px !important;}\u00bb][vc_custom_heading text=\u00bbFamiliar\u00bb font_container=\u00bbtag:h2|font_size:3.5em|text_align:left|color:%232b2420|line_height:1em\u00bb use_theme_fonts=\u00bbyes\u00bb css=\u00bb.vc_custom_1576550010527{margin-top: 0px !important;margin-bottom: 0px !important;padding-top: 0px !important;padding-bottom: 0px !important;padding-left: 35px !important;background-color: #ffffff !important;}\u00bb][vc_row_inner css=\u00bb.vc_custom_1576549905956{margin-right: 0px !important;margin-left: 0px !important;padding-right: 50px !important;padding-bottom: 100px !important;padding-left: 35px !important;background-color: #ffffff !important;}\u00bb el_id=\u00bbcorregir-padding-movil\u00bb][vc_column_inner width=\u00bb1\/2&#8243;][vc_column_text]Nuestra experiencia profesional se ha centrado en la asesor\u00eda preventiva para la toma de decisiones, la representaci\u00f3n o defensa de los derechos humanos y de la familia ante los Tribunales, reconocimiento judicial de derechos personales y\/o familiares, as\u00ed como la intervenci\u00f3n en m\u00e9todos alternos de soluci\u00f3n de controversias.<\/p>\n<p>Respecto al \u00e1rea preventiva, nuestros servicios profesionales consisten primordialmente en brindar asesor\u00eda para tr\u00e1mites ante el Registro Civil (registros extempor\u00e1neos, rectificaciones de actas administrativas, registro de actos celebrados en el extranjero por mexicanos, etc.), asesor\u00eda para la elecci\u00f3n de r\u00e9gimen patrimonial en el matrimonio, celebraci\u00f3n de capitulaciones matrimoniales, celebraci\u00f3n de contratos de libre convivencia, asesor\u00eda sobre los aspectos civiles de la violencia intrafamiliar, asesor\u00eda sobre los derechos y obligaciones derivados de la paternidad, asesor\u00eda para la obtenci\u00f3n u otorgamiento de autorizaciones sobre derechos de menores, asesor\u00eda sobre derechos alimentarios, de custodia y convivencia de menores y para la celebraci\u00f3n de los convenios respectivos, asesor\u00eda sobre los derechos en la familia ampliada, asesor\u00eda a nacionales y extranjeros sobre adopciones, asesor\u00eda sobre derechos sucesorios y para el otorgamiento de testamentos y, en general, asesor\u00eda para la soluci\u00f3n conciliatoria de conflictos familiares.[\/vc_column_text][\/vc_column_inner][vc_column_inner width=\u00bb1\/2&#8243;][vc_column_text el_class=\u00bblista-especial\u00bb]En el \u00e1rea judicial, nuestra experiencia profesional abarca las siguientes \u00e1reas:<\/p>\n<ul>\n<li>Derechos Alimentarios.<\/li>\n<li>Interdictos para retener o recuperar posesi\u00f3n de menores.<\/li>\n<li>P\u00e9rdida o suspensi\u00f3n de la Patria Potestad.<\/li>\n<li>Modificaci\u00f3n de actas del estado civil.<\/li>\n<li>Divorcio (incausado, contencioso, por mutuo consentimiento o administrativo).<\/li>\n<li>Cambio de r\u00e9gimen patrimonial.<\/li>\n<li>Juicios Sucesorios Testamentarios e Intestamentarios.<\/li>\n<li>Estados de interdicci\u00f3n.<\/li>\n<li>Autorizaciones para disposici\u00f3n de bienes de menores, incapacitados y ausentes, as\u00ed como transacci\u00f3n sobre sus derechos.<\/li>\n<li>Dispensas para contraer matrimonio.<\/li>\n<li>Adopciones.<\/li>\n<li>Guarda y custodia de menores (concesi\u00f3n o p\u00e9rdida, r\u00e9gimen de visitas y convivencia).<\/li>\n<li>Nombramiento de Tutores y Curadores.<\/li>\n<li>Rendici\u00f3n de cuentas de Tutela.<\/li>\n<li>Tramitaci\u00f3n de Informaci\u00f3n Testimonial.<\/li>\n<li>Posesi\u00f3n de estado de hijo.<\/li>\n<li>Declaraci\u00f3n de Ausencia y presunci\u00f3n de muerte.<\/li>\n<li>Reconocimiento o desconocimiento de Paternidad.<\/li>\n<li>Separaci\u00f3n de personas.<\/li>\n<li>Ilicitud e ilegitimidad de matrimonio.<\/li>\n<\/ul>\n<p>[\/vc_column_text][\/vc_column_inner][\/vc_row_inner][\/vc_column][\/vc_row]<\/p>\n","protected":false},"excerpt":{"rendered":"<p>[vc_row el_class=\u00bbaltura-minima-area\u00bb css=\u00bb.vc_custom_1576550043683{background-image: url(http:\/\/www.lvmg.mx\/\/wp-content\/uploads\/2019\/12\/Back_Familiar.jpg?id=129) !important;background-position: center !important;background-repeat: no-repeat !important;background-size: cover !important;}\u00bb][vc_column][\/vc_column][\/vc_row][vc_row css=\u00bb.vc_custom_1576548975016{border-top-width: 10px !important;background-color: #f1f1f1 !important;border-top-color: #b3964e !important;border-top-style: solid !important;}\u00bb][vc_column width=\u00bb2\/12&#8243;][\/vc_column][vc_column width=\u00bb10\/12&#8243; el_class=\u00bbposicion-relativa columna-arriba-area\u00bb][vc_custom_heading text=\u00bb\u00c1rea\u00bb font_container=\u00bbtag:h2|font_size:3.5em|text_align:left|color:%23ffffff|line_height:1em\u00bb use_theme_fonts=\u00bbyes\u00bb css=\u00bb.vc_custom_1576549335808{margin-top: 0px !important;margin-bottom: 0px !important;padding-top: 0px !important;padding-bottom: 0px !important;padding-left: 35px !important;}\u00bb][vc_custom_heading text=\u00bbFamiliar\u00bb font_container=\u00bbtag:h2|font_size:3.5em|text_align:left|color:%232b2420|line_height:1em\u00bb use_theme_fonts=\u00bbyes\u00bb css=\u00bb.vc_custom_1576550010527{margin-top: 0px !important;margin-bottom: 0px !important;padding-top: 0px !important;padding-bottom: 0px !important;padding-left: 35px !important;background-color: #ffffff !important;}\u00bb][vc_row_inner css=\u00bb.vc_custom_1576549905956{margin-right: &hellip; <a href=\"https:\/\/www.lvmg.mx\/es\/area-familiar\/\" class=\"more-link\">Continue reading <span class=\"screen-reader-text\">\u00c1rea familiar<\/span> <span class=\"meta-nav\">&rarr;<\/span><\/a><\/p>\n","protected":false},"author":1,"featured_media":0,"parent":0,"menu_order":0,"comment_status":"closed","ping_status":"closed","template":"","meta":{"footnotes":""},"class_list":["post-128","page","type-page","status-publish","hentry"],"_links":{"self":[{"href":"https:\/\/www.lvmg.mx\/es\/wp-json\/wp\/v2\/pages\/128","targetHints":{"allow":["GET"]}}],"collection":[{"href":"https:\/\/www.lvmg.mx\/es\/wp-json\/wp\/v2\/pages"}],"about":[{"href":"https:\/\/www.lvmg.mx\/es\/wp-json\/wp\/v2\/types\/page"}],"author":[{"embeddable":true,"href":"https:\/\/www.lvmg.mx\/es\/wp-json\/wp\/v2\/users\/1"}],"replies":[{"embeddable":true,"href":"https:\/\/www.lvmg.mx\/es\/wp-json\/wp\/v2\/comments?post=128"}],"version-history":[{"count":1,"href":"https:\/\/www.lvmg.mx\/es\/wp-json\/wp\/v2\/pages\/128\/revisions"}],"predecessor-version":[{"id":130,"href":"https:\/\/www.lvmg.mx\/es\/wp-json\/wp\/v2\/pages\/128\/revisions\/130"}],"wp:attachment":[{"href":"https:\/\/www.lvmg.mx\/es\/wp-json\/wp\/v2\/media?parent=128"}],"curies":[{"name":"wp","href":"https:\/\/api.w.org\/{rel}","templated":true}]}}