{"id":113,"date":"2019-12-17T02:14:07","date_gmt":"2019-12-17T02:14:07","guid":{"rendered":"http:\/\/www.lvmg.mx\/\/?page_id=113"},"modified":"2020-02-13T11:29:03","modified_gmt":"2020-02-13T17:29:03","slug":"area-penal","status":"publish","type":"page","link":"https:\/\/www.lvmg.mx\/es\/area-penal\/","title":{"rendered":"\u00c1rea Penal"},"content":{"rendered":"<p>[vc_row el_class=\u00bbaltura-minima-area\u00bb css=\u00bb.vc_custom_1576548619776{background-image: url(http:\/\/www.lvmg.mx\/\/wp-content\/uploads\/2019\/12\/Back_Penal.jpg?id=114) !important;background-position: center !important;background-repeat: no-repeat !important;background-size: cover !important;}\u00bb][vc_column][\/vc_column][\/vc_row][vc_row css=\u00bb.vc_custom_1576548975016{border-top-width: 10px !important;background-color: #f1f1f1 !important;border-top-color: #b3964e !important;border-top-style: solid !important;}\u00bb][vc_column width=\u00bb2\/12&#8243;][\/vc_column][vc_column width=\u00bb10\/12&#8243; el_class=\u00bbposicion-relativa columna-arriba-area\u00bb][vc_custom_heading text=\u00bb\u00c1rea\u00bb font_container=\u00bbtag:h2|font_size:3.5em|text_align:left|color:%23ffffff|line_height:1em\u00bb use_theme_fonts=\u00bbyes\u00bb css=\u00bb.vc_custom_1576549335808{margin-top: 0px !important;margin-bottom: 0px !important;padding-top: 0px !important;padding-bottom: 0px !important;padding-left: 35px !important;}\u00bb][vc_custom_heading text=\u00bbPenal\u00bb font_container=\u00bbtag:h2|font_size:3.5em|text_align:left|color:%232b2420|line_height:1em\u00bb use_theme_fonts=\u00bbyes\u00bb css=\u00bb.vc_custom_1576549339343{margin-top: 0px !important;margin-bottom: 0px !important;padding-top: 0px !important;padding-bottom: 0px !important;padding-left: 35px !important;background-color: #ffffff !important;}\u00bb][vc_row_inner css=\u00bb.vc_custom_1576549905956{margin-right: 0px !important;margin-left: 0px !important;padding-right: 50px !important;padding-bottom: 100px !important;padding-left: 35px !important;background-color: #ffffff !important;}\u00bb el_id=\u00bbcorregir-padding-movil\u00bb][vc_column_inner width=\u00bb1\/2&#8243;][vc_column_text]Nos especializamos en <strong>la atenci\u00f3n de asuntos de car\u00e1cter criminal<\/strong>, en materia estatal, federal e internacional. Contamos con abogados especializados y <strong>certificados en el Sistema Acusatorio Adversarial.<\/strong> Nos enfocamos principalmente en la atenci\u00f3n de procedimientos relacionados con:[\/vc_column_text][\/vc_column_inner][vc_column_inner width=\u00bb1\/2&#8243;][vc_column_text el_class=\u00bblista-especial\u00bb]<\/p>\n<ul>\n<li>Delitos patrimoniales<\/li>\n<li>Delitos fiscales<\/li>\n<li>Delitos de propiedad intelectual<\/li>\n<li>Delitos ambientales<\/li>\n<li>Delitos bancarios y mercado de valores<\/li>\n<li>Delitos varios<\/li>\n<li>Ley Nacional de Extinci\u00f3n de Dominio<\/li>\n<\/ul>\n<p>Otro de nuestros enfoques es la asesor\u00eda a empresas de cualquier ramo, para la detecci\u00f3n de riesgos y dise\u00f1o de mecanismos de prevenci\u00f3n que protejan a nuestros clientes de convertirse en v\u00edctimas de alg\u00fan delito patrimonial o delincuencia com\u00fan.[\/vc_column_text][\/vc_column_inner][\/vc_row_inner][\/vc_column][\/vc_row]<\/p>\n","protected":false},"excerpt":{"rendered":"<p>[vc_row el_class=\u00bbaltura-minima-area\u00bb css=\u00bb.vc_custom_1576548619776{background-image: url(http:\/\/www.lvmg.mx\/\/wp-content\/uploads\/2019\/12\/Back_Penal.jpg?id=114) !important;background-position: center !important;background-repeat: no-repeat !important;background-size: cover !important;}\u00bb][vc_column][\/vc_column][\/vc_row][vc_row css=\u00bb.vc_custom_1576548975016{border-top-width: 10px !important;background-color: #f1f1f1 !important;border-top-color: #b3964e !important;border-top-style: solid !important;}\u00bb][vc_column width=\u00bb2\/12&#8243;][\/vc_column][vc_column width=\u00bb10\/12&#8243; el_class=\u00bbposicion-relativa columna-arriba-area\u00bb][vc_custom_heading text=\u00bb\u00c1rea\u00bb font_container=\u00bbtag:h2|font_size:3.5em|text_align:left|color:%23ffffff|line_height:1em\u00bb use_theme_fonts=\u00bbyes\u00bb css=\u00bb.vc_custom_1576549335808{margin-top: 0px !important;margin-bottom: 0px !important;padding-top: 0px !important;padding-bottom: 0px !important;padding-left: 35px !important;}\u00bb][vc_custom_heading text=\u00bbPenal\u00bb font_container=\u00bbtag:h2|font_size:3.5em|text_align:left|color:%232b2420|line_height:1em\u00bb use_theme_fonts=\u00bbyes\u00bb css=\u00bb.vc_custom_1576549339343{margin-top: 0px !important;margin-bottom: 0px !important;padding-top: 0px !important;padding-bottom: 0px !important;padding-left: 35px !important;background-color: #ffffff !important;}\u00bb][vc_row_inner css=\u00bb.vc_custom_1576549905956{margin-right: &hellip; <a href=\"https:\/\/www.lvmg.mx\/es\/area-penal\/\" class=\"more-link\">Continue reading <span class=\"screen-reader-text\">\u00c1rea Penal<\/span> <span class=\"meta-nav\">&rarr;<\/span><\/a><\/p>\n","protected":false},"author":1,"featured_media":0,"parent":0,"menu_order":0,"comment_status":"closed","ping_status":"closed","template":"","meta":{"footnotes":""},"class_list":["post-113","page","type-page","status-publish","hentry"],"_links":{"self":[{"href":"https:\/\/www.lvmg.mx\/es\/wp-json\/wp\/v2\/pages\/113","targetHints":{"allow":["GET"]}}],"collection":[{"href":"https:\/\/www.lvmg.mx\/es\/wp-json\/wp\/v2\/pages"}],"about":[{"href":"https:\/\/www.lvmg.mx\/es\/wp-json\/wp\/v2\/types\/page"}],"author":[{"embeddable":true,"href":"https:\/\/www.lvmg.mx\/es\/wp-json\/wp\/v2\/users\/1"}],"replies":[{"embeddable":true,"href":"https:\/\/www.lvmg.mx\/es\/wp-json\/wp\/v2\/comments?post=113"}],"version-history":[{"count":14,"href":"https:\/\/www.lvmg.mx\/es\/wp-json\/wp\/v2\/pages\/113\/revisions"}],"predecessor-version":[{"id":380,"href":"https:\/\/www.lvmg.mx\/es\/wp-json\/wp\/v2\/pages\/113\/revisions\/380"}],"wp:attachment":[{"href":"https:\/\/www.lvmg.mx\/es\/wp-json\/wp\/v2\/media?parent=113"}],"curies":[{"name":"wp","href":"https:\/\/api.w.org\/{rel}","templated":true}]}}